{"id":47,"date":"2017-08-14T22:30:14","date_gmt":"2017-08-14T20:30:14","guid":{"rendered":"http:\/\/webgeckos.com\/geckos-law-demo\/?page_id=47"},"modified":"2017-08-14T22:30:14","modified_gmt":"2017-08-14T20:30:14","slug":"impressum","status":"publish","type":"page","link":"https:\/\/webgeckos.com\/geckos-law-demo\/impressum\/","title":{"rendered":"Impressum"},"content":{"rendered":"<div id=\"content\" class=\"site-content clr\">\n<article class=\"single-page-article clr\">\n<div class=\"entry clr\">\n<div id=\"content\" class=\"site-content clr\">\n<article class=\"single-page-article clr\">\n<div class=\"entry clr\">\n<p><em>Nachfolgend finden Sie eine Vorlage f\u00fcr Ihr Impressum am Beilspiel einer UG bzw. GmbH. Die Einbindung des nachfolgendem Impressums erfolgt ausschlie\u00dflich auf eigenes Risiko, eine Haftung kann nicht \u00fcbernommen werden.<\/em><\/p>\n<p>&nbsp;<\/p>\n<p>[Unternehmensname \u2013 wie in Handelsregister hinterlegt!]<\/p>\n<p>[Stra\u00dfe + Nummer]<br \/>\n[PLZ + Ort]<\/p>\n<p>Telefon: [Telefon]<br \/>\nE-Mail: [E-Mail]<\/p>\n<p class=\"switch_output ug ugcokg gmbh gmbhcokg ag kg ek ohg ev partg\">Registergericht: [Registergericht]<br \/>\nRegisternummer: HRB<\/p>\n<p>Vertretungsberechtigter Gesch\u00e4ftsf\u00fchrer: [Gesch\u00e4ftsf\u00fchrer]<br \/>\nInhaltlich verantwortlich: [Name], Anschrift s.o.<\/p>\n<p>Umsatzsteuer-Identifikationsnummer gem. \u00a7 27a UStG:\u00a0[DE123456789]<\/p>\n<p>Plattform der Europ\u00e4ischen Kommission zur Online-Streitbeilegung (OS) f\u00fcr Verbraucher: http:\/\/ec.europa.eu\/consumers\/odr\/. Wir sind nicht bereit und nicht verpflichtet an einem Streitbeilegungsverfahren vor einer Verbraucherschlichtungsstelle teilzunehmen.<\/p>\n<\/div>\n<\/article>\n<\/div>\n<\/div>\n<\/article>\n<\/div>\n","protected":false},"excerpt":{"rendered":"<p>Nachfolgend finden Sie eine Vorlage f\u00fcr Ihr Impressum am Beilspiel einer UG bzw. GmbH. Die Einbindung des nachfolgendem Impressums erfolgt ausschlie\u00dflich auf eigenes Risiko, eine Haftung kann nicht \u00fcbernommen werden. &nbsp; [Unternehmensname \u2013 wie in Handelsregister hinterlegt!] [Stra\u00dfe + Nummer] [PLZ + Ort] Telefon: [Telefon] E-Mail: [E-Mail] Registergericht: [Registergericht] Registernummer: HRB Vertretungsberechtigter Gesch\u00e4ftsf\u00fchrer: [Gesch\u00e4ftsf\u00fchrer] Inhaltlich [&hellip;]<\/p>\n","protected":false},"author":1,"featured_media":0,"parent":0,"menu_order":0,"comment_status":"closed","ping_status":"closed","template":"","meta":{"footnotes":""},"class_list":["post-47","page","type-page","status-publish","hentry","entry"],"_links":{"self":[{"href":"https:\/\/webgeckos.com\/geckos-law-demo\/wp-json\/wp\/v2\/pages\/47","targetHints":{"allow":["GET"]}}],"collection":[{"href":"https:\/\/webgeckos.com\/geckos-law-demo\/wp-json\/wp\/v2\/pages"}],"about":[{"href":"https:\/\/webgeckos.com\/geckos-law-demo\/wp-json\/wp\/v2\/types\/page"}],"author":[{"embeddable":true,"href":"https:\/\/webgeckos.com\/geckos-law-demo\/wp-json\/wp\/v2\/users\/1"}],"replies":[{"embeddable":true,"href":"https:\/\/webgeckos.com\/geckos-law-demo\/wp-json\/wp\/v2\/comments?post=47"}],"version-history":[{"count":0,"href":"https:\/\/webgeckos.com\/geckos-law-demo\/wp-json\/wp\/v2\/pages\/47\/revisions"}],"wp:attachment":[{"href":"https:\/\/webgeckos.com\/geckos-law-demo\/wp-json\/wp\/v2\/media?parent=47"}],"curies":[{"name":"wp","href":"https:\/\/api.w.org\/{rel}","templated":true}]}}