{"id":18,"date":"2017-08-14T21:41:44","date_gmt":"2017-08-14T19:41:44","guid":{"rendered":"http:\/\/webgeckos.com\/geckos-law-demo\/?page_id=18"},"modified":"2017-08-14T22:43:00","modified_gmt":"2017-08-14T20:43:00","slug":"ueber-uns","status":"publish","type":"page","link":"https:\/\/webgeckos.com\/geckos-law-demo\/ueber-uns\/","title":{"rendered":"\u00dcber Uns"},"content":{"rendered":"\t\t<div data-elementor-type=\"wp-post\" data-elementor-id=\"18\" class=\"elementor elementor-18 elementor-bc-flex-widget\">\n\t\t\t\t\t\t<section class=\"elementor-section elementor-top-section elementor-element elementor-element-xwbnrdb elementor-section-boxed elementor-section-height-default elementor-section-height-default\" data-id=\"xwbnrdb\" data-element_type=\"section\" data-settings=\"{&quot;background_background&quot;:&quot;classic&quot;}\">\n\t\t\t\t\t\t<div class=\"elementor-container elementor-column-gap-default\">\n\t\t\t\t\t<div class=\"elementor-column elementor-col-100 elementor-top-column elementor-element elementor-element-reobnyv\" data-id=\"reobnyv\" data-element_type=\"column\">\n\t\t\t<div class=\"elementor-widget-wrap elementor-element-populated\">\n\t\t\t\t\t\t<div class=\"elementor-element elementor-element-izhoopa elementor-widget elementor-widget-heading\" data-id=\"izhoopa\" data-element_type=\"widget\" data-widget_type=\"heading.default\">\n\t\t\t\t<div class=\"elementor-widget-container\">\n\t\t\t\t\t<h1 class=\"elementor-heading-title elementor-size-large\">\u00dcber Uns<\/h1>\t\t\t\t<\/div>\n\t\t\t\t<\/div>\n\t\t\t\t<div class=\"elementor-element elementor-element-yxbrrvg elementor-widget elementor-widget-text-editor\" data-id=\"yxbrrvg\" data-element_type=\"widget\" data-widget_type=\"text-editor.default\">\n\t\t\t\t<div class=\"elementor-widget-container\">\n\t\t\t\t\t\t\t\t\t<p>Dies ist eine Demo \u00dcber Uns Seite erstellt von WebGeckos mit Elementor<\/p>\t\t\t\t\t\t\t\t<\/div>\n\t\t\t\t<\/div>\n\t\t\t\t<div class=\"elementor-element elementor-element-y2h14o4 elementor-widget elementor-widget-image\" data-id=\"y2h14o4\" data-element_type=\"widget\" data-widget_type=\"image.default\">\n\t\t\t\t<div class=\"elementor-widget-container\">\n\t\t\t\t\t\t\t\t\t\t\t\t\t\t\t<img fetchpriority=\"high\" decoding=\"async\" width=\"827\" height=\"445\" src=\"https:\/\/webgeckos.com\/geckos-law-demo\/wp-content\/uploads\/sites\/24\/2017\/08\/ueber-uns-law.jpg\" class=\"attachment-large size-large wp-image-35\" alt=\"\" srcset=\"https:\/\/webgeckos.com\/geckos-law-demo\/wp-content\/uploads\/sites\/24\/2017\/08\/ueber-uns-law.jpg 827w, https:\/\/webgeckos.com\/geckos-law-demo\/wp-content\/uploads\/sites\/24\/2017\/08\/ueber-uns-law-300x161.jpg 300w, https:\/\/webgeckos.com\/geckos-law-demo\/wp-content\/uploads\/sites\/24\/2017\/08\/ueber-uns-law-768x413.jpg 768w\" sizes=\"(max-width: 827px) 100vw, 827px\" \/>\t\t\t\t\t\t\t\t\t\t\t\t\t\t\t<\/div>\n\t\t\t\t<\/div>\n\t\t\t\t\t<\/div>\n\t\t<\/div>\n\t\t\t\t\t<\/div>\n\t\t<\/section>\n\t\t\t\t<section class=\"elementor-section elementor-top-section elementor-element elementor-element-mcitdod elementor-section-boxed elementor-section-height-default elementor-section-height-default\" data-id=\"mcitdod\" data-element_type=\"section\" data-settings=\"{&quot;background_background&quot;:&quot;classic&quot;}\">\n\t\t\t\t\t\t<div class=\"elementor-container elementor-column-gap-default\">\n\t\t\t\t\t<div class=\"elementor-column elementor-col-100 elementor-top-column elementor-element elementor-element-mzrtzyn\" data-id=\"mzrtzyn\" data-element_type=\"column\">\n\t\t\t<div class=\"elementor-widget-wrap elementor-element-populated\">\n\t\t\t\t\t\t<div class=\"elementor-element elementor-element-rjbspny elementor-widget elementor-widget-heading\" data-id=\"rjbspny\" data-element_type=\"widget\" data-widget_type=\"heading.default\">\n\t\t\t\t<div class=\"elementor-widget-container\">\n\t\t\t\t\t<h3 class=\"elementor-heading-title elementor-size-large\">Unsere Kanzlei von damals bis heute<\/h3>\t\t\t\t<\/div>\n\t\t\t\t<\/div>\n\t\t\t\t<div class=\"elementor-element elementor-element-huzelpd elementor-view-default elementor-widget elementor-widget-icon\" data-id=\"huzelpd\" data-element_type=\"widget\" data-widget_type=\"icon.default\">\n\t\t\t\t<div class=\"elementor-widget-container\">\n\t\t\t\t\t\t\t<div class=\"elementor-icon-wrapper\">\n\t\t\t<div class=\"elementor-icon\">\n\t\t\t\t\t\t\t<i class=\"fa fa-check-circle\" aria-hidden=\"true\"><\/i>\n\t\t\t\t\t\t<\/div>\n\t\t<\/div>\n\t\t\t\t\t\t<\/div>\n\t\t\t\t<\/div>\n\t\t\t\t\t<\/div>\n\t\t<\/div>\n\t\t\t\t\t<\/div>\n\t\t<\/section>\n\t\t\t\t<section class=\"elementor-section elementor-top-section elementor-element elementor-element-jdqzirj elementor-section-content-middle elementor-section-boxed elementor-section-height-default elementor-section-height-default\" data-id=\"jdqzirj\" data-element_type=\"section\">\n\t\t\t\t\t\t<div class=\"elementor-container elementor-column-gap-default\">\n\t\t\t\t\t<div class=\"elementor-column elementor-col-50 elementor-top-column elementor-element elementor-element-asklbdg\" data-id=\"asklbdg\" data-element_type=\"column\">\n\t\t\t<div class=\"elementor-widget-wrap elementor-element-populated\">\n\t\t\t\t\t\t<div class=\"elementor-element elementor-element-btrrxiv elementor-widget elementor-widget-heading\" data-id=\"btrrxiv\" data-element_type=\"widget\" data-widget_type=\"heading.default\">\n\t\t\t\t<div class=\"elementor-widget-container\">\n\t\t\t\t\t<h3 class=\"elementor-heading-title elementor-size-large\">Gr\u00fcndung 1979<\/h3>\t\t\t\t<\/div>\n\t\t\t\t<\/div>\n\t\t\t\t<div class=\"elementor-element elementor-element-jrcqkll elementor-widget elementor-widget-text-editor\" data-id=\"jrcqkll\" data-element_type=\"widget\" data-widget_type=\"text-editor.default\">\n\t\t\t\t<div class=\"elementor-widget-container\">\n\t\t\t\t\t\t\t\t\t<p>Ich bin ein Demo Text und lasse mich kinderleicht bearbeiten. Am besten gleich ausprobieren!<\/p>\t\t\t\t\t\t\t\t<\/div>\n\t\t\t\t<\/div>\n\t\t\t\t\t<\/div>\n\t\t<\/div>\n\t\t\t\t<div class=\"elementor-column elementor-col-50 elementor-top-column elementor-element elementor-element-kuqledb\" data-id=\"kuqledb\" data-element_type=\"column\">\n\t\t\t<div class=\"elementor-widget-wrap elementor-element-populated\">\n\t\t\t\t\t\t<div class=\"elementor-element elementor-element-swrrcwy elementor-widget elementor-widget-image\" data-id=\"swrrcwy\" data-element_type=\"widget\" data-widget_type=\"image.default\">\n\t\t\t\t<div class=\"elementor-widget-container\">\n\t\t\t\t\t\t\t\t\t\t\t\t\t\t\t<img decoding=\"async\" width=\"640\" height=\"426\" src=\"https:\/\/webgeckos.com\/geckos-law-demo\/wp-content\/uploads\/sites\/24\/2017\/08\/l5.jpg\" class=\"attachment-full size-full wp-image-16\" alt=\"\" srcset=\"https:\/\/webgeckos.com\/geckos-law-demo\/wp-content\/uploads\/sites\/24\/2017\/08\/l5.jpg 640w, https:\/\/webgeckos.com\/geckos-law-demo\/wp-content\/uploads\/sites\/24\/2017\/08\/l5-300x200.jpg 300w\" sizes=\"(max-width: 640px) 100vw, 640px\" \/>\t\t\t\t\t\t\t\t\t\t\t\t\t\t\t<\/div>\n\t\t\t\t<\/div>\n\t\t\t\t\t<\/div>\n\t\t<\/div>\n\t\t\t\t\t<\/div>\n\t\t<\/section>\n\t\t\t\t<section class=\"elementor-section elementor-top-section elementor-element elementor-element-hsgwfuo elementor-section-content-middle elementor-reverse-mobile elementor-section-boxed elementor-section-height-default elementor-section-height-default\" data-id=\"hsgwfuo\" data-element_type=\"section\">\n\t\t\t\t\t\t<div class=\"elementor-container elementor-column-gap-default\">\n\t\t\t\t\t<div class=\"elementor-column elementor-col-50 elementor-top-column elementor-element elementor-element-uigbdvt\" data-id=\"uigbdvt\" data-element_type=\"column\">\n\t\t\t<div class=\"elementor-widget-wrap elementor-element-populated\">\n\t\t\t\t\t\t<div class=\"elementor-element elementor-element-rxckdbt elementor-widget elementor-widget-image\" data-id=\"rxckdbt\" data-element_type=\"widget\" data-widget_type=\"image.default\">\n\t\t\t\t<div class=\"elementor-widget-container\">\n\t\t\t\t\t\t\t\t\t\t\t\t\t\t\t<img decoding=\"async\" width=\"1200\" height=\"841\" src=\"https:\/\/webgeckos.com\/geckos-law-demo\/wp-content\/uploads\/sites\/24\/2017\/08\/l4-e1502741437809.jpg\" class=\"attachment-full size-full wp-image-15\" alt=\"\" srcset=\"https:\/\/webgeckos.com\/geckos-law-demo\/wp-content\/uploads\/sites\/24\/2017\/08\/l4-e1502741437809.jpg 1200w, https:\/\/webgeckos.com\/geckos-law-demo\/wp-content\/uploads\/sites\/24\/2017\/08\/l4-e1502741437809-300x210.jpg 300w, https:\/\/webgeckos.com\/geckos-law-demo\/wp-content\/uploads\/sites\/24\/2017\/08\/l4-e1502741437809-768x538.jpg 768w, https:\/\/webgeckos.com\/geckos-law-demo\/wp-content\/uploads\/sites\/24\/2017\/08\/l4-e1502741437809-1024x718.jpg 1024w\" sizes=\"(max-width: 1200px) 100vw, 1200px\" \/>\t\t\t\t\t\t\t\t\t\t\t\t\t\t\t<\/div>\n\t\t\t\t<\/div>\n\t\t\t\t\t<\/div>\n\t\t<\/div>\n\t\t\t\t<div class=\"elementor-column elementor-col-50 elementor-top-column elementor-element elementor-element-pmrxosi\" data-id=\"pmrxosi\" data-element_type=\"column\">\n\t\t\t<div class=\"elementor-widget-wrap elementor-element-populated\">\n\t\t\t\t\t\t<div class=\"elementor-element elementor-element-idqkpmr elementor-widget elementor-widget-heading\" data-id=\"idqkpmr\" data-element_type=\"widget\" data-widget_type=\"heading.default\">\n\t\t\t\t<div class=\"elementor-widget-container\">\n\t\t\t\t\t<h3 class=\"elementor-heading-title elementor-size-large\">Neuer Partner<\/h3>\t\t\t\t<\/div>\n\t\t\t\t<\/div>\n\t\t\t\t<div class=\"elementor-element elementor-element-ezgozup elementor-widget elementor-widget-text-editor\" data-id=\"ezgozup\" data-element_type=\"widget\" data-widget_type=\"text-editor.default\">\n\t\t\t\t<div class=\"elementor-widget-container\">\n\t\t\t\t\t\t\t\t\t<p>Ich bin ein Demo Text und lasse mich kinderleicht bearbeiten. Am besten gleich ausprobieren!<\/p>\t\t\t\t\t\t\t\t<\/div>\n\t\t\t\t<\/div>\n\t\t\t\t\t<\/div>\n\t\t<\/div>\n\t\t\t\t\t<\/div>\n\t\t<\/section>\n\t\t\t\t<section class=\"elementor-section elementor-top-section elementor-element elementor-element-lpmouqh elementor-section-content-middle elementor-section-boxed elementor-section-height-default elementor-section-height-default\" data-id=\"lpmouqh\" data-element_type=\"section\" data-settings=\"{&quot;background_background&quot;:&quot;classic&quot;}\">\n\t\t\t\t\t\t<div class=\"elementor-container elementor-column-gap-default\">\n\t\t\t\t\t<div class=\"elementor-column elementor-col-50 elementor-top-column elementor-element elementor-element-wvczjmd\" data-id=\"wvczjmd\" data-element_type=\"column\">\n\t\t\t<div class=\"elementor-widget-wrap elementor-element-populated\">\n\t\t\t\t\t\t<div class=\"elementor-element elementor-element-szagnzj elementor-widget elementor-widget-heading\" data-id=\"szagnzj\" data-element_type=\"widget\" data-widget_type=\"heading.default\">\n\t\t\t\t<div class=\"elementor-widget-container\">\n\t\t\t\t\t<h3 class=\"elementor-heading-title elementor-size-large\">Neues B\u00fcro in New York<\/h3>\t\t\t\t<\/div>\n\t\t\t\t<\/div>\n\t\t\t\t<div class=\"elementor-element elementor-element-rghxzce elementor-widget elementor-widget-text-editor\" data-id=\"rghxzce\" data-element_type=\"widget\" data-widget_type=\"text-editor.default\">\n\t\t\t\t<div class=\"elementor-widget-container\">\n\t\t\t\t\t\t\t\t\t<p>Ich bin ein Demo Text und lasse mich kinderleicht bearbeiten. Am besten gleich ausprobieren!<\/p>\t\t\t\t\t\t\t\t<\/div>\n\t\t\t\t<\/div>\n\t\t\t\t\t<\/div>\n\t\t<\/div>\n\t\t\t\t<div class=\"elementor-column elementor-col-50 elementor-top-column elementor-element elementor-element-qbtwuzh\" data-id=\"qbtwuzh\" data-element_type=\"column\">\n\t\t\t<div class=\"elementor-widget-wrap elementor-element-populated\">\n\t\t\t\t\t\t<div class=\"elementor-element elementor-element-vatdnxe elementor-widget elementor-widget-image\" data-id=\"vatdnxe\" data-element_type=\"widget\" data-widget_type=\"image.default\">\n\t\t\t\t<div class=\"elementor-widget-container\">\n\t\t\t\t\t\t\t\t\t\t\t\t\t\t\t<img loading=\"lazy\" decoding=\"async\" width=\"689\" height=\"473\" src=\"https:\/\/webgeckos.com\/geckos-law-demo\/wp-content\/uploads\/sites\/24\/2017\/08\/architecture_2.jpg\" class=\"attachment-full size-full wp-image-23\" alt=\"\" srcset=\"https:\/\/webgeckos.com\/geckos-law-demo\/wp-content\/uploads\/sites\/24\/2017\/08\/architecture_2.jpg 689w, https:\/\/webgeckos.com\/geckos-law-demo\/wp-content\/uploads\/sites\/24\/2017\/08\/architecture_2-300x206.jpg 300w\" sizes=\"(max-width: 689px) 100vw, 689px\" \/>\t\t\t\t\t\t\t\t\t\t\t\t\t\t\t<\/div>\n\t\t\t\t<\/div>\n\t\t\t\t\t<\/div>\n\t\t<\/div>\n\t\t\t\t\t<\/div>\n\t\t<\/section>\n\t\t\t\t<section class=\"elementor-section elementor-top-section elementor-element elementor-element-wgtmlhq elementor-section-boxed elementor-section-height-default elementor-section-height-default\" data-id=\"wgtmlhq\" data-element_type=\"section\" data-settings=\"{&quot;background_background&quot;:&quot;classic&quot;}\">\n\t\t\t\t\t\t<div class=\"elementor-container elementor-column-gap-default\">\n\t\t\t\t\t<div class=\"elementor-column elementor-col-100 elementor-top-column elementor-element elementor-element-nsxaygu\" data-id=\"nsxaygu\" data-element_type=\"column\">\n\t\t\t<div class=\"elementor-widget-wrap elementor-element-populated\">\n\t\t\t\t\t\t<div class=\"elementor-element elementor-element-ueapmlx elementor-widget elementor-widget-heading\" data-id=\"ueapmlx\" data-element_type=\"widget\" data-widget_type=\"heading.default\">\n\t\t\t\t<div class=\"elementor-widget-container\">\n\t\t\t\t\t<h3 class=\"elementor-heading-title elementor-size-large\">Unser Team<\/h3>\t\t\t\t<\/div>\n\t\t\t\t<\/div>\n\t\t\t\t<div class=\"elementor-element elementor-element-kghbfhr elementor-widget elementor-widget-text-editor\" data-id=\"kghbfhr\" data-element_type=\"widget\" data-widget_type=\"text-editor.default\">\n\t\t\t\t<div class=\"elementor-widget-container\">\n\t\t\t\t\t\t\t\t\t<p>Machen Sie sich einen ersten Eindruck von unserem erstklassigen Team<\/p>\t\t\t\t\t\t\t\t<\/div>\n\t\t\t\t<\/div>\n\t\t\t\t<section class=\"elementor-section elementor-inner-section elementor-element elementor-element-vcxrosr elementor-section-boxed elementor-section-height-default elementor-section-height-default\" data-id=\"vcxrosr\" data-element_type=\"section\">\n\t\t\t\t\t\t<div class=\"elementor-container elementor-column-gap-default\">\n\t\t\t\t\t<div class=\"elementor-column elementor-col-33 elementor-inner-column elementor-element elementor-element-gvykiyh\" data-id=\"gvykiyh\" data-element_type=\"column\">\n\t\t\t<div class=\"elementor-widget-wrap elementor-element-populated\">\n\t\t\t\t\t\t<div class=\"elementor-element elementor-element-ddgeinj elementor-position-top elementor-widget elementor-widget-image-box\" data-id=\"ddgeinj\" data-element_type=\"widget\" data-widget_type=\"image-box.default\">\n\t\t\t\t<div class=\"elementor-widget-container\">\n\t\t\t\t\t<div class=\"elementor-image-box-wrapper\"><figure class=\"elementor-image-box-img\"><img loading=\"lazy\" decoding=\"async\" width=\"800\" height=\"560\" src=\"https:\/\/webgeckos.com\/geckos-law-demo\/wp-content\/uploads\/sites\/24\/2017\/08\/l3-e1502741387860.jpg\" class=\"attachment-full size-full wp-image-14\" alt=\"\" srcset=\"https:\/\/webgeckos.com\/geckos-law-demo\/wp-content\/uploads\/sites\/24\/2017\/08\/l3-e1502741387860.jpg 800w, https:\/\/webgeckos.com\/geckos-law-demo\/wp-content\/uploads\/sites\/24\/2017\/08\/l3-e1502741387860-300x210.jpg 300w, https:\/\/webgeckos.com\/geckos-law-demo\/wp-content\/uploads\/sites\/24\/2017\/08\/l3-e1502741387860-768x538.jpg 768w\" sizes=\"(max-width: 800px) 100vw, 800px\" \/><\/figure><div class=\"elementor-image-box-content\"><h3 class=\"elementor-image-box-title\">Julian Landers<\/h3><p class=\"elementor-image-box-description\">Senior Partner<\/p><\/div><\/div>\t\t\t\t<\/div>\n\t\t\t\t<\/div>\n\t\t\t\t\t<\/div>\n\t\t<\/div>\n\t\t\t\t<div class=\"elementor-column elementor-col-33 elementor-inner-column elementor-element elementor-element-hpizpdt\" data-id=\"hpizpdt\" data-element_type=\"column\">\n\t\t\t<div class=\"elementor-widget-wrap elementor-element-populated\">\n\t\t\t\t\t\t<div class=\"elementor-element elementor-element-tkumszh elementor-position-top elementor-widget elementor-widget-image-box\" data-id=\"tkumszh\" data-element_type=\"widget\" data-widget_type=\"image-box.default\">\n\t\t\t\t<div class=\"elementor-widget-container\">\n\t\t\t\t\t<div class=\"elementor-image-box-wrapper\"><figure class=\"elementor-image-box-img\"><img decoding=\"async\" width=\"1200\" height=\"841\" src=\"https:\/\/webgeckos.com\/geckos-law-demo\/wp-content\/uploads\/sites\/24\/2017\/08\/l4-e1502741437809.jpg\" class=\"attachment-full size-full wp-image-15\" alt=\"\" srcset=\"https:\/\/webgeckos.com\/geckos-law-demo\/wp-content\/uploads\/sites\/24\/2017\/08\/l4-e1502741437809.jpg 1200w, https:\/\/webgeckos.com\/geckos-law-demo\/wp-content\/uploads\/sites\/24\/2017\/08\/l4-e1502741437809-300x210.jpg 300w, https:\/\/webgeckos.com\/geckos-law-demo\/wp-content\/uploads\/sites\/24\/2017\/08\/l4-e1502741437809-768x538.jpg 768w, https:\/\/webgeckos.com\/geckos-law-demo\/wp-content\/uploads\/sites\/24\/2017\/08\/l4-e1502741437809-1024x718.jpg 1024w\" sizes=\"(max-width: 1200px) 100vw, 1200px\" \/><\/figure><div class=\"elementor-image-box-content\"><h3 class=\"elementor-image-box-title\">Andrew Michaels<\/h3><p class=\"elementor-image-box-description\">Senior Partner<\/p><\/div><\/div>\t\t\t\t<\/div>\n\t\t\t\t<\/div>\n\t\t\t\t\t<\/div>\n\t\t<\/div>\n\t\t\t\t<div class=\"elementor-column elementor-col-33 elementor-inner-column elementor-element elementor-element-vwssaha\" data-id=\"vwssaha\" data-element_type=\"column\">\n\t\t\t<div class=\"elementor-widget-wrap elementor-element-populated\">\n\t\t\t\t\t\t<div class=\"elementor-element elementor-element-rrnsfsu elementor-position-top elementor-widget elementor-widget-image-box\" data-id=\"rrnsfsu\" data-element_type=\"widget\" data-widget_type=\"image-box.default\">\n\t\t\t\t<div class=\"elementor-widget-container\">\n\t\t\t\t\t<div class=\"elementor-image-box-wrapper\"><figure class=\"elementor-image-box-img\"><img loading=\"lazy\" decoding=\"async\" width=\"400\" height=\"280\" src=\"https:\/\/webgeckos.com\/geckos-law-demo\/wp-content\/uploads\/sites\/24\/2017\/08\/demo-11.jpg\" class=\"attachment-full size-full wp-image-37\" alt=\"\" srcset=\"https:\/\/webgeckos.com\/geckos-law-demo\/wp-content\/uploads\/sites\/24\/2017\/08\/demo-11.jpg 400w, https:\/\/webgeckos.com\/geckos-law-demo\/wp-content\/uploads\/sites\/24\/2017\/08\/demo-11-300x210.jpg 300w\" sizes=\"(max-width: 400px) 100vw, 400px\" \/><\/figure><div class=\"elementor-image-box-content\"><h3 class=\"elementor-image-box-title\">Luisa Green<\/h3><p class=\"elementor-image-box-description\">Rechtsanwaltsfachangestellte<\/p><\/div><\/div>\t\t\t\t<\/div>\n\t\t\t\t<\/div>\n\t\t\t\t\t<\/div>\n\t\t<\/div>\n\t\t\t\t\t<\/div>\n\t\t<\/section>\n\t\t\t\t\t<\/div>\n\t\t<\/div>\n\t\t\t\t\t<\/div>\n\t\t<\/section>\n\t\t\t\t<section class=\"elementor-section elementor-top-section elementor-element elementor-element-wsdcaze elementor-section-boxed elementor-section-height-default elementor-section-height-default\" data-id=\"wsdcaze\" data-element_type=\"section\" data-settings=\"{&quot;background_background&quot;:&quot;classic&quot;}\">\n\t\t\t\t\t\t<div class=\"elementor-container elementor-column-gap-default\">\n\t\t\t\t\t<div class=\"elementor-column elementor-col-100 elementor-top-column elementor-element elementor-element-yipmmgg\" data-id=\"yipmmgg\" data-element_type=\"column\">\n\t\t\t<div class=\"elementor-widget-wrap elementor-element-populated\">\n\t\t\t\t\t\t<div class=\"elementor-element elementor-element-bpfuneu elementor-widget elementor-widget-heading\" data-id=\"bpfuneu\" data-element_type=\"widget\" data-widget_type=\"heading.default\">\n\t\t\t\t<div class=\"elementor-widget-container\">\n\t\t\t\t\t<h3 class=\"elementor-heading-title elementor-size-large\">Unsere Mandanten<\/h3>\t\t\t\t<\/div>\n\t\t\t\t<\/div>\n\t\t\t\t<div class=\"elementor-element elementor-element-lwizsti elementor-pagination-position-outside elementor-widget elementor-widget-image-carousel\" data-id=\"lwizsti\" data-element_type=\"widget\" data-settings=\"{&quot;slides_to_show&quot;:&quot;6&quot;,&quot;navigation&quot;:&quot;dots&quot;,&quot;image_spacing_custom&quot;:{&quot;unit&quot;:&quot;px&quot;,&quot;size&quot;:75,&quot;sizes&quot;:[]},&quot;autoplay&quot;:&quot;yes&quot;,&quot;pause_on_hover&quot;:&quot;yes&quot;,&quot;pause_on_interaction&quot;:&quot;yes&quot;,&quot;autoplay_speed&quot;:5000,&quot;infinite&quot;:&quot;yes&quot;,&quot;speed&quot;:500,&quot;image_spacing_custom_tablet&quot;:{&quot;unit&quot;:&quot;px&quot;,&quot;size&quot;:&quot;&quot;,&quot;sizes&quot;:[]},&quot;image_spacing_custom_mobile&quot;:{&quot;unit&quot;:&quot;px&quot;,&quot;size&quot;:&quot;&quot;,&quot;sizes&quot;:[]}}\" data-widget_type=\"image-carousel.default\">\n\t\t\t\t<div class=\"elementor-widget-container\">\n\t\t\t\t\t\t\t<div class=\"elementor-image-carousel-wrapper swiper\" role=\"region\" aria-roledescription=\"carousel\" aria-label=\"Bild Karussell\" dir=\"ltr\">\n\t\t\t<div class=\"elementor-image-carousel swiper-wrapper\" aria-live=\"off\">\n\t\t\t\t\t\t\t\t<div class=\"swiper-slide\" role=\"group\" aria-roledescription=\"slide\" aria-label=\"1 von 7\"><figure class=\"swiper-slide-inner\"><img decoding=\"async\" class=\"swiper-slide-image\" src=\"https:\/\/webgeckos.com\/geckos-law-demo\/wp-content\/uploads\/sites\/24\/2017\/08\/BASTIL.png\" alt=\"BASTIL.png\" \/><\/figure><\/div><div class=\"swiper-slide\" role=\"group\" aria-roledescription=\"slide\" aria-label=\"2 von 7\"><figure class=\"swiper-slide-inner\"><img decoding=\"async\" class=\"swiper-slide-image\" src=\"https:\/\/webgeckos.com\/geckos-law-demo\/wp-content\/uploads\/sites\/24\/2017\/08\/MADRIN.png\" alt=\"MADRIN.png\" \/><\/figure><\/div><div class=\"swiper-slide\" role=\"group\" aria-roledescription=\"slide\" aria-label=\"3 von 7\"><figure class=\"swiper-slide-inner\"><img decoding=\"async\" class=\"swiper-slide-image\" src=\"https:\/\/webgeckos.com\/geckos-law-demo\/wp-content\/uploads\/sites\/24\/2017\/08\/GEO.png\" alt=\"GEO.png\" \/><\/figure><\/div><div class=\"swiper-slide\" role=\"group\" aria-roledescription=\"slide\" aria-label=\"4 von 7\"><figure class=\"swiper-slide-inner\"><img decoding=\"async\" class=\"swiper-slide-image\" src=\"https:\/\/webgeckos.com\/geckos-law-demo\/wp-content\/uploads\/sites\/24\/2017\/08\/FIFTHFLOUR.png\" alt=\"FIFTHFLOUR.png\" \/><\/figure><\/div><div class=\"swiper-slide\" role=\"group\" aria-roledescription=\"slide\" aria-label=\"5 von 7\"><figure class=\"swiper-slide-inner\"><img decoding=\"async\" class=\"swiper-slide-image\" src=\"https:\/\/webgeckos.com\/geckos-law-demo\/wp-content\/uploads\/sites\/24\/2017\/08\/ECOCODE.png\" alt=\"ECOCODE.png\" \/><\/figure><\/div><div class=\"swiper-slide\" role=\"group\" aria-roledescription=\"slide\" aria-label=\"6 von 7\"><figure class=\"swiper-slide-inner\"><img decoding=\"async\" class=\"swiper-slide-image\" src=\"https:\/\/webgeckos.com\/geckos-law-demo\/wp-content\/uploads\/sites\/24\/2017\/08\/BOLEIR.png\" alt=\"BOLEIR.png\" \/><\/figure><\/div><div class=\"swiper-slide\" role=\"group\" aria-roledescription=\"slide\" aria-label=\"7 von 7\"><figure class=\"swiper-slide-inner\"><img decoding=\"async\" class=\"swiper-slide-image\" src=\"https:\/\/webgeckos.com\/geckos-law-demo\/wp-content\/uploads\/sites\/24\/2017\/08\/ARMOND.png\" alt=\"ARMOND.png\" \/><\/figure><\/div>\t\t\t<\/div>\n\t\t\t\t\t\t\t\n\t\t\t\t\t\t\t\t\t<div class=\"swiper-pagination\"><\/div>\n\t\t\t\t\t\t\t\t\t<\/div>\n\t\t\t\t\t\t<\/div>\n\t\t\t\t<\/div>\n\t\t\t\t\t<\/div>\n\t\t<\/div>\n\t\t\t\t\t<\/div>\n\t\t<\/section>\n\t\t\t\t<\/div>\n\t\t","protected":false},"excerpt":{"rendered":"<p>&nbsp; \u00dcber Uns Dies ist eine Demo \u00dcber Uns Seite erstellt von WebGeckos mit Elementor Unsere Kanzlei von damals bis heute Gr\u00fcndung 1979 Ich bin ein Demo Text und lasse mich kinderleicht bearbeiten. Am besten gleich ausprobieren! Neuer Partner Ich bin ein Demo Text und lasse mich kinderleicht bearbeiten. Am besten gleich ausprobieren! Neues B\u00fcro [&hellip;]<\/p>\n","protected":false},"author":1,"featured_media":0,"parent":0,"menu_order":0,"comment_status":"closed","ping_status":"closed","template":"","meta":{"footnotes":""},"class_list":["post-18","page","type-page","status-publish","hentry","entry"],"_links":{"self":[{"href":"https:\/\/webgeckos.com\/geckos-law-demo\/wp-json\/wp\/v2\/pages\/18","targetHints":{"allow":["GET"]}}],"collection":[{"href":"https:\/\/webgeckos.com\/geckos-law-demo\/wp-json\/wp\/v2\/pages"}],"about":[{"href":"https:\/\/webgeckos.com\/geckos-law-demo\/wp-json\/wp\/v2\/types\/page"}],"author":[{"embeddable":true,"href":"https:\/\/webgeckos.com\/geckos-law-demo\/wp-json\/wp\/v2\/users\/1"}],"replies":[{"embeddable":true,"href":"https:\/\/webgeckos.com\/geckos-law-demo\/wp-json\/wp\/v2\/comments?post=18"}],"version-history":[{"count":0,"href":"https:\/\/webgeckos.com\/geckos-law-demo\/wp-json\/wp\/v2\/pages\/18\/revisions"}],"wp:attachment":[{"href":"https:\/\/webgeckos.com\/geckos-law-demo\/wp-json\/wp\/v2\/media?parent=18"}],"curies":[{"name":"wp","href":"https:\/\/api.w.org\/{rel}","templated":true}]}}