{"id":299,"date":"2017-08-16T22:44:51","date_gmt":"2017-08-16T20:44:51","guid":{"rendered":"https:\/\/webgeckos.com\/geckos-beauty-demo\/?page_id=299"},"modified":"2017-08-16T22:44:51","modified_gmt":"2017-08-16T20:44:51","slug":"datenschutz","status":"publish","type":"page","link":"https:\/\/webgeckos.com\/geckos-beauty-demo\/datenschutz\/","title":{"rendered":"Datenschutz"},"content":{"rendered":"<div id=\"content\" class=\"site-content clr\">\n<article class=\"single-page-article clr\">\n<div class=\"entry clr\">\n<p><em>Nachfolgend finden Sie eine Vorlage f\u00fcr Ihre Datenschutzerkl\u00e4rung. Es handelt sich hierbei um eine <a href=\"https:\/\/www.ratgeberrecht.eu\/leistungen\/muster-datenschutzerklaerung.html\" target=\"_blank\" rel=\"noopener\">Muster-Datenschutzerkl\u00e4rung<\/a> der <a href=\"https:\/\/www.ratgeberrecht.eu\/\" target=\"_blank\" rel=\"noopener\">Anwaltskanzlei Wei\u00df &amp; Partner<\/a>. Die Einbindung dieser Datenschutzerkl\u00e4rung erfolgt ausschlie\u00dflich auf eigenes Risiko, eine Haftung kann nicht \u00fcbernommen werden.<\/em><\/p>\n<div id=\"datenschutzhinweise_html_text_output_div\" class=\"datenschutzhinweise_html_text_output html_text_output\">\n<h3>Datenschutzerkl\u00e4rung<\/h3>\n<p>Die Nutzung unserer Seite ist ohne eine Angabe von personenbezogenen Daten m\u00f6glich. F\u00fcr die Nutzung einzelner Services unserer Seite k\u00f6nnen sich hierf\u00fcr abweichende Regelungen ergeben, die in diesem Falle nachstehend gesondert erl\u00e4utert werden. Ihre personenbezogenen Daten (z.B. Name, Anschrift, E-Mail, Telefonnummer, u.\u00e4.) werden von uns nur gem\u00e4\u00df den Bestimmungen des deutschen Datenschutzrechts verarbeitet. Daten sind dann personenbezogen, wenn sie eindeutig einer bestimmten nat\u00fcrlichen Person zugeordnet werden k\u00f6nnen. Die rechtlichen Grundlagen des Datenschutzes finden Sie im Bundesdatenschutzgesetz (BDSG) und dem Telemediengesetz (TMG). Nachstehende Regelungen informieren Sie insoweit \u00fcber die Art, den Umfang und Zweck der Erhebung, die Nutzung und die Verarbeitung von personenbezogenen Daten durch den Anbieter<\/p>\n<p><strong>[Name und Anschrift des Betreibers]<\/strong><\/p>\n<p><strong>[Telefonnummer des Betreibers]<\/strong><\/p>\n<p><strong>[E-Mail des Betreibers]<\/strong><\/p>\n<p>Wir weisen darauf hin, dass die internetbasierte Daten\u00fcbertragung Sicherheitsl\u00fccken aufweist, ein l\u00fcckenloser Schutz vor Zugriffen durch Dritte somit unm\u00f6glich ist.<\/p>\n<h4>Cookies<\/h4>\n<p>Wir verwenden auf unserer Seite sog. Cookies zum Wiedererkennen mehrfacher Nutzung unseres Angebots, durch denselben Nutzer\/Internetanschlussinhaber. Cookies sind kleine Textdateien, die Ihr Internet-Browser auf Ihrem Rechner ablegt und speichert. Sie dienen dazu, unseren Internetauftritt und unsere Angebote zu optimieren. Es handelt sich dabei zumeist um sog. \u201eSession-Cookies\u201c, die nach dem Ende Ihres Besuches wieder gel\u00f6scht werden.<br \/>\nTeilweise geben diese Cookies jedoch Informationen ab, um Sie automatisch wieder zu erkennen. Diese Wiedererkennung erfolgt aufgrund der in den Cookies gespeicherten IP-Adresse. Die so erlangten Informationen dienen dazu, unsere Angebote zu optimieren und Ihnen einen leichteren Zugang auf unsere Seite zu erm\u00f6glichen.<br \/>\nSie k\u00f6nnen die Installation der Cookies durch eine entsprechende Einstellung Ihres Browsers verhindern; wir weisen Sie jedoch darauf hin, dass Sie in diesem Fall gegebenenfalls nicht s\u00e4mtliche Funktionen unserer Website vollumf\u00e4nglich nutzen k\u00f6nnen.<\/p>\n<h4>Serverdaten<\/h4>\n<p>Aus technischen Gr\u00fcnden werden u.a. folgende Daten, die Ihr Internet-Browser an uns bzw. an unseren Webspace-Provider \u00fcbermittelt, erfasst (sogenannte Serverlogfiles):<\/p>\n<p>\u2013 Browsertyp und -version<br \/>\n\u2013 verwendetes Betriebssystem<br \/>\n\u2013 Webseite, von der aus Sie uns besuchen (Referrer URL)<br \/>\n\u2013 Webseite, die Sie besuchen<br \/>\n\u2013 Datum und Uhrzeit Ihres Zugriffs<br \/>\n\u2013 Ihre Internet Protokoll (IP)-Adresse.<\/p>\n<p>Diese anonymen Daten werden getrennt von Ihren eventuell angegebenen personenbezogenen Daten gespeichert und lassen so keine R\u00fcckschl\u00fcsse auf eine bestimmte Person zu. Sie werden zu statistischen Zwecken ausgewertet, um unseren Internetauftritt und unsere Angebote optimieren zu k\u00f6nnen.<\/p>\n<h4>Newsletter \/ Einsatz von MailChimp<\/h4>\n<p>Wir bieten Ihnen auf unserer Seite die M\u00f6glichkeit, unseren Newsletter zu abonnieren.<\/p>\n<h5>Einwilligung Newsletter<\/h5>\n<p>In Bezug auf die Verwendung Ihrer personenbezogenen Daten zum Empfang unseres Newsletters werden Sie an gegebener Stelle wie folgt um eine Einwilligung gebeten:<\/p>\n<p>\u201eIch habe die Datenschutzerkl\u00e4rung zu Kenntnis genommen, insbesondere bin ich damit einverstanden, dass die Datenverarbeitung bei einem Dienstleister in den USA erfolgt.\u201c.<\/p>\n<p>Mit dem Newsletter informieren wir in regelm\u00e4\u00dfigen Abst\u00e4nden \u00fcber unsere Angebote. Um unseren Newsletter empfangen zu k\u00f6nnen, ben\u00f6tigen Sie eine g\u00fcltige E-Mailadresse. Die von Ihnen eingetragene E-Mail-Adresse werden wir dahingehend \u00fcberpr\u00fcfen, ob Sie tats\u00e4chlich der Inhaber der angegebenen E-Mail-Adresse sind bzw. deren Inhaber den Empfang des Newsletters autorisiert ist. Mit Ihrer Anmeldung zu unserem Newsletter werden wir Ihre IP-Adresse und das Datum sowie die Uhrzeit Ihrer Anmeldung speichern. Dies dient in dem Fall, dass ein Dritter Ihre E-Mail-Adresse missbraucht und ohne Ihr Wissen unseren Newsletter abonniert, als Absicherung unsererseits.<\/p>\n<p>Ein Abgleich der so erhobenen Daten mit Daten, die m\u00f6glicherweise durch andere Komponenten unserer Seite erhoben werden, erfolgt ebenfalls nicht.<\/p>\n<h5>Newsletter per MailChimp<\/h5>\n<p>Wir verwenden zum Versand unserer Newsletter die Komponente MailChimp. Bei <strong>MailChimp<\/strong> handelt es sich um eine Dienstleistung der Firma The Rocket Science Group, LLC, 512 Means Street, Suite 404, Atlanta, GA 30318, USA.<\/p>\n<p>Ihre bei der Newsletter Anmeldung gespeicherten Daten (E-Mail-Adresse, ggf. Name, IP-Adresse, Datum sowie die Uhrzeit Ihrer Anmeldung) werden an einen Server der Firma The Rocket Science Group in den USA \u00fcbertragen und dort unter Beachtung des \u201eSafe Harbor Abkommens\u201c gespeichert.<\/p>\n<p>Weitere Informationen zum Datenschutz bei <strong>MailChimp<\/strong> finden Sie unter:<\/p>\n<p><a href=\"http:\/\/mailchimp.com\/legal\/privacy\/\" target=\"_blank\" rel=\"noopener\">http:\/\/mailchimp.com\/legal\/privacy\/<\/a><\/p>\n<p>Das Abonnement dieses Newsletters und damit die Einwilligung in die Speicherung Ihrer Daten k\u00f6nnen Sie jederzeit f\u00fcr die Zukunft k\u00fcndigen bzw. widerrufen. Einzelheiten hierzu k\u00f6nnen Sie der Best\u00e4tigungsmail sowie jedem einzelnen Newsletter entnehmen.<\/p>\n<h5>Newsletter-Tracking<\/h5>\n<p>Unsere Newsletter enthalten sog. Z\u00e4hlpixel (Web-Bugs), anhand derer wir erkennen k\u00f6nnen, ob und wann eine E-Mail ge\u00f6ffnet wurde und welchen Links in der E-Mail von dem personalisierten Empf\u00e4nger gefolgt wurde.<\/p>\n<p>Diese Daten werden von uns gespeichert, damit wir unsere Newsletter optimal auf die W\u00fcnsche und Interessen unserer Abonnenten ausrichten k\u00f6nnen. Demnach werden die somit erhobenen Daten genutzt, um personalisierte Newsletter an den jeweiligen Empf\u00e4nger zu versenden.<\/p>\n<p>Um Ihre diesbez\u00fcgliche Einwilligung bitten wir Sie an gegebener Stelle wie folgt:<\/p>\n<p>\u201eIch bin damit einverstanden, dass meine Daten und mein Nutzungsverhalten durch das Newsletter-Tracking elektronisch gespeichert werden um mir einen individualisierten Newsletter zu \u00fcbersenden. Mit dem widerrufen der Einwilligung zum Erhalt des Newsletters, wird auch die Einwilligung zum vorgenannten Tracking widerrufen.\u201c<\/p>\n<p>Mit dem widerrufen der Einwilligung zum Erhalt des Newsletters, wird auch die Einwilligung zum vorgenannten Tracking widerrufen.<\/p>\n<h4>Kontaktm\u00f6glichkeit<\/h4>\n<p>Wir bieten Ihnen auf unserer Seite die M\u00f6glichkeit, mit uns per E-Mail und\/oder \u00fcber ein Kontaktformular in Verbindung zu treten. In diesem Fall werden die vom Nutzer gemachten Angaben zum Zwecke der Bearbeitung seiner Kontaktaufnahme gespeichert. Eine Weitergabe an Dritte erfolgt nicht. Ein Abgleich der so erhobenen Daten mit Daten, die m\u00f6glicherweise durch andere Komponenten unserer Seite erhoben werden, erfolgt ebenfalls nicht.<\/p>\n<h4>Kommentarm\u00f6glichkeit<\/h4>\n<p>Wir bieten Ihnen auf unserer Seite die M\u00f6glichkeit, Kommentare zu den einzelnen Beitr\u00e4gen zu hinterlassen. Hierbei wird die IP- Adresse des Verfassers\/Anschlussinhabers gespeichert. Diese Speicherung erfolgt zu unserer Sicherheit f\u00fcr den Fall, dass vom Verfasser durch seinen Kommentar hierbei in Rechte Dritter eingegriffen wird und\/oder widerrechtliche Inhalte abgesetzt werden. Somit besteht ein Eigeninteresse unsererseits an den gespeicherten Daten des Verfassers, zumal wir unter Umst\u00e4nden wegen derartigen Rechtsverletzungen belangt werden k\u00f6nnen. Eine Weitergabe an Dritte erfolgt nicht. Ein Abgleich der so erhobenen Daten mit Daten, die m\u00f6glicherweise durch andere Komponenten unserer Seite erhoben werden, erfolgt ebenfalls nicht.<\/p>\n<h4>Abonnement von Kommentaren<\/h4>\n<p>Wir bieten Ihnen auf unserer Seite die M\u00f6glichkeit, nachfolgende Kommentare zu einem Beitrag, zu dem Sie im Begriff sind, einen Kommentar zu verfassen, zu abonnieren. Wenn Sie sich f\u00fcr diese M\u00f6glichkeit entscheiden, erhalten Sie eine Best\u00e4tigungs-E-Mail, mit der \u00fcberpr\u00fcft wird, ob Sie auch tats\u00e4chlich der Inhaber der angegebenen E-Mail-Adresse sind. Die Entscheidung zum Abonnement von derartigen Nachfolgekommentaren kann jederzeit wieder abbestellt werden. Einzelheiten hierzu k\u00f6nnen Sie der Best\u00e4tigungsmail entnehmen. Eine Weitergabe der so erlangten Daten an Dritte erfolgt nicht. Ein Abgleich der so erhobenen Daten mit Daten, die m\u00f6glicherweise durch andere Komponenten unserer Seite erhoben werden, erfolgt ebenfalls nicht.<\/p>\n<h4>Einsatz von Google-Analytics mit Anonymisierungsfunktion<\/h4>\n<p>Wir setzen auf unserer Seite Google-Analytics, einen Webanalysedienst der Firma Google Inc., 1600 Amphitheatre Parkway, Mountain View, CA 94043 USA, nachfolgend \u201eGoogle\u201c ein. Google-Analytics verwendet sog. \u201eCookies\u201c, Textdateien, die auf Ihrem Computer gespeichert werden und hierdurch eine Analyse der Benutzung der Website durch Sie erm\u00f6glichen.<\/p>\n<p>Die durch diese Cookies erzeugten Informationen, beispielsweise Zeit, Ort und H\u00e4ufigkeit Ihres Webseiten-Besuchs einschlie\u00dflich Ihrer IP-Adresse, werden an Google in den USA \u00fcbertragen und dort gespeichert.<\/p>\n<p>Wir verwenden auf unserer Website Google-Analytics mit einer IP-Anonymisierungsfunktion. Ihre IP-Adresse wird in diesem Fall von Google schon innerhalb von Mitgliedstaaten der Europ\u00e4ischen Union oder in anderen Vertragsstaaten des Abkommens \u00fcber den Europ\u00e4ischen Wirtschaftsraum gek\u00fcrzt und dadurch anonymisiert.<\/p>\n<p>Google wird diese Informationen benutzen, um Ihre Nutzung unserer Seite auszuwerten, um Reports \u00fcber die Websiteaktivit\u00e4ten f\u00fcr uns zusammenzustellen und um weitere mit der Websitenutzung und der Internetnutzung verbundene Dienstleistungen zu erbringen. Auch wird Google diese Informationen gegebenenfalls an Dritte \u00fcbertragen, sofern dies gesetzlich vorgeschrieben oder soweit Dritte diese Daten im Auftrag von Google verarbeiten.<\/p>\n<p>Google wird, nach eigenen Angaben, in keinem Fall Ihre IP-Adresse mit anderen Daten von Google in Verbindung bringen. Sie k\u00f6nnen die Installation der Cookies durch eine entsprechende Einstellung Ihrer Browser-Software verhindern; wir weisen Sie jedoch darauf hin, dass Sie in diesem Fall gegebenenfalls nicht s\u00e4mtliche Funktionen unserer Website vollumf\u00e4nglich nutzen k\u00f6nnen.<\/p>\n<p>Des Weiteren bietet Google f\u00fcr die g\u00e4ngigsten Browser eine Deaktivierungsoption an, welche Ihnen mehr Kontrolle dar\u00fcber gibt, welche Daten von Google erfasst und verarbeitet werden. Sollte Sie diese Option aktivieren, werden keine Informationen zum Website-Besuch an Google Analytics \u00fcbermittelt. Die Aktivierung verhindert aber nicht, dass Informationen an uns oder an andere von uns gegebenenfalls eingesetzte Webanalyse-Services \u00fcbermittelt werden. Weitere Informationen zu der von Google bereitgestellten Deaktivierungsoption sowie zu der Aktivierung dieser Option, erhalten Sie \u00fcber nachfolgenden Link: <a href=\"https:\/\/tools.google.com\/dlpage\/gaoptout?hl=de\" target=\"_blank\" rel=\"nofollow noopener\">https:\/\/tools.google.com\/dlpage\/gaoptout?hl=de<\/a><\/p>\n<h4>Einsatz von Google-Maps<\/h4>\n<p>Wir setzen auf unserer Seite die Komponente \u201eGoogle Maps\u201c der Firma Google Inc., 1600 Amphitheatre Parkway, Mountain View, CA 94043 USA, nachfolgend \u201eGoogle\u201c, ein.<\/p>\n<p>Bei jedem einzelnen Aufruf der Komponente \u201eGoogle Maps\u201c wird von Google ein Cookie gesetzt, um bei der Anzeige der Seite, auf der die Komponente \u201eGoogle Maps\u201c integriert ist, Nutzereinstellungen und -daten zu verarbeiten. Dieses Cookie wird im Regelfall nicht durch das Schlie\u00dfen des Browsers gel\u00f6scht, sondern l\u00e4uft nach einer bestimmten Zeit ab, soweit es nicht von Ihnen zuvor manuell gel\u00f6scht wird.<\/p>\n<p>Wenn Sie mit dieser Verarbeitung Ihrer Daten nicht einverstanden sind, so besteht die M\u00f6glichkeit, den Service von \u201eGoogle Maps\u201c zu deaktivieren und auf diesem Weg die \u00dcbertragung von Daten an Google zu verhindern. Dazu m\u00fcssen Sie die Java-Script-Funktion in Ihrem Browser deaktivieren. Wir weisen Sie jedoch darauf hin, dass Sie in diesem Fall die \u201eGoogle Maps\u201c nicht oder nur eingeschr\u00e4nkt nutzen k\u00f6nnen.<\/p>\n<p>Die Nutzung von \u201eGoogle Maps\u201c und der \u00fcber \u201eGoogle Maps\u201c erlangten Informationen erfolgt gem\u00e4\u00df den\u00a0Google-Nutzungsbedingungen<\/p>\n<p><a href=\"http:\/\/www.google.de\/intl\/de\/policies\/terms\/regional.html\" target=\"_blank\" rel=\"nofollow noopener\">http:\/\/www.google.de\/intl\/de\/policies\/terms\/regional.html<\/a><\/p>\n<p>sowie der zus\u00e4tzlichen\u00a0Gesch\u00e4ftsbedingungen f\u00fcr \u201eGoogle Maps\u201c<\/p>\n<p><a href=\"https:\/\/www.google.com\/intl\/de_de\/help\/terms_maps.html\" target=\"_blank\" rel=\"nofollow noopener\">https:\/\/www.google.com\/intl\/de_de\/help\/terms_maps.html<\/a>.<\/p>\n<h4>Einsatz von facebook-Komponenten<\/h4>\n<p>Wir setzen auf unserer Seite Komponenten des Anbieters facebook.com ein. Facebook ist ein Service der facebook Inc., 1601 S. California Ave, Palo Alto, CA 94304, USA.<br \/>\nBei jedem einzelnen Abruf unserer Webseite, die mit einer solchen Komponente ausgestattet ist, veranlasst diese Komponente, dass der von Ihnen verwendete Browser eine entsprechende Darstellung der Komponente von facebook herunterl\u00e4dt. Durch diesen Vorgang wird facebook dar\u00fcber in Kenntnis gesetzt, welche konkrete Seite unserer Internetpr\u00e4senz gerade durch Sie besucht wird.<br \/>\nWenn Sie unsere Seite aufrufen und w\u00e4hrenddessen bei facebook eingeloggt sind, erkennt facebook durch die von der Komponente gesammelte Information, welche konkrete Seite Sie besuchen und ordnet diese Informationen Ihrem pers\u00f6nlichen Account auf facebook zu. Klicken Sie z.B. den \u00a0\u201eGef\u00e4llt mir\u201c-Button an oder geben Sie entsprechende Kommentare ab, werden diese Informationen an Ihr pers\u00f6nliches Benutzerkonto auf facebook \u00fcbermittelt und dort gespeichert. Dar\u00fcber hinaus wird die Information, dass Sie unsere Seite besucht haben, an facebook weiter gegeben. Dies geschieht unabh\u00e4ngig davon, ob Sie die Komponente anklicken oder nicht.<br \/>\nWenn Sie diese \u00dcbermittlung und Speicherung von Daten \u00fcber Sie und Ihr Verhalten auf unserer Webseite durch facebook unterbinden wollen, m\u00fcssen Sie sich bei facebook ausloggen und zwar bevor Sie unsere Seite besuchen. Die Datenschutzhinweise von facebook geben hierzu n\u00e4here Informationen, insbesondere zur Erhebung und Nutzung der Daten durch facebook, zu Ihren diesbez\u00fcglichen Rechten sowie zu den Einstellungsm\u00f6glichkeiten zum Schutz Ihrer Privatsph\u00e4re: <a href=\"https:\/\/de-de.facebook.com\/about\/privacy\/\" target=\"_blank\" rel=\"nofollow noopener\">https:\/\/de-de.facebook.com\/about\/privacy\/<\/a><br \/>\nZudem sind am Markt externe Tools erh\u00e4ltlich, mit denen Facebook-Social-Plugins mit Add-ons f\u00fcr alle g\u00e4ngigen Browser blockiert werden k\u00f6nnen <a href=\"http:\/\/webgraph.com\/resources\/facebookblocker\/\" target=\"_blank\" rel=\"nofollow noopener\">http:\/\/webgraph.com\/resources\/facebookblocker\/<\/a><br \/>\nEine \u00dcbersicht \u00fcber die Facebook-Plugins finden Sie unter <a href=\"https:\/\/developers.facebook.com\/docs\/plugins\/\" target=\"_blank\" rel=\"nofollow noopener\">https:\/\/developers.facebook.com\/docs\/plugins\/<\/a><\/p>\n<h4>Einsatz der Twitter-Empfehlungs-Komponenten<\/h4>\n<p>Wir setzen auf unserer Seite Komponenten des Anbieters Twitter ein. Twitter ist ein Service der Twitter Inc., 795 Folsom St., Suite 600, San Francisco, CA 94107, USA.<\/p>\n<p>Bei jedem einzelnen Abruf unserer Webseite, die mit einer solchen Komponente ausgestattet ist, veranlasst diese Komponente, dass der von Ihnen verwendete Browser eine entsprechende Darstellung der Komponente von Twitter herunterl\u00e4dt. Durch diesen Vorgang wird Twitter dar\u00fcber in Kenntnis gesetzt, welche konkrete Seite unserer Internetpr\u00e4senz gerade besucht wird.<br \/>\nWir haben weder Einfluss auf die Daten, die Twitter hierdurch erhebt, noch \u00fcber den Umfang dieser durch Twitter erhobenen Daten. Nach unserem Kenntnisstand wird von Twitter die URL der jeweiligen aufgerufenen Webseite sowie IP-Adresse des Nutzers erhoben, jedoch nicht f\u00fcr andere Zwecke, als die Darstellung der Twitter- Komponente, genutzt. Weitere Informationen hierzu finden sich in der Datenschutzerkl\u00e4rung von Twitter unter <a href=\"http:\/\/twitter.com\/privacy\" target=\"_blank\" rel=\"nofollow noopener\">http:\/\/twitter.com\/privacy<\/a>.<\/p>\n<p>Ihre Datenschutzeinstellungen k\u00f6nnen Sie in den Konto-Einstellungen unter <a href=\"http:\/\/twitter.com\/account\/settings\" target=\"_blank\" rel=\"nofollow noopener\">http:\/\/twitter.com\/account\/settings<\/a> \u00e4ndern.<\/p>\n<h4>Einsatz der Xing-Empfehlungs-Komponenten<\/h4>\n<p>Wir setzen auf unserer Seite Komponenten des Netzwerks XING.com ein. Diese Komponenten sind ein Service der XING AG, Dammtorstra\u00dfe 29-32, 20354 Hamburg, Deutschland.<br \/>\nBei jedem einzelnen Abruf unserer Webseite, die mit einer solchen Komponente ausgestattet ist, veranlasst diese Komponente, dass der von Ihnen verwendete Browser eine entsprechende Darstellung der Komponente von XING herunterl\u00e4dt.<\/p>\n<p>Nach unserem Kenntnisstand werden von XING keine personenbezogenen Daten des Nutzers \u00fcber den Aufruf unserer Webseite gespeichert. Ebenfalls speichert XING keine IP-Adressen. Zudem findet auch keine Auswertung des Nutzungsverhaltens \u00fcber die Verwendung von Cookies im Zusammenhang mit dem \u201cXING Share-Button\u201d statt. Weitere Informationen hierzu finden sich in den Datenschutzhinweisen f\u00fcr den XING Share-Button unter: <a href=\"https:\/\/www.xing.com\/app\/share?op=data_protection\" target=\"_blank\" rel=\"nofollow noopener\">https:\/\/www.xing.com\/app\/share?op=data_protection<\/a><\/p>\n<h4>Einsatz der LinkedIn-Empfehlungs-Komponenten<\/h4>\n<p>Wir setzen auf unserer Seite Komponenten des Netzwerks LinkedIn ein. LinkedIn ist ein Service der LinkedIn Corporation, 2029 Stierlin Court, Mountain View, CA 94043, USA. Bei jedem einzelnen Abruf unserer Webseite, die mit einer solchen Komponente ausgestattet ist, veranlasst diese Komponente, dass der von Ihnen verwendete Browser eine entsprechende Darstellung der Komponente von LinkedIn herunterl\u00e4dt.<\/p>\n<p>Durch diesen Vorgang wird LinkedIn dar\u00fcber in Kenntnis gesetzt, welche konkrete Seite unserer Internetpr\u00e4senz gerade besucht wird. Wenn Sie den LinkedIn \u201eRecommend-Button\u201c anklicken w\u00e4hrend Sie in Ihrem LinkedIn-Account eingeloggt sind, k\u00f6nnen Sie die Inhalte unserer Seiten auf Ihrem LinkedIn-Profil verlinken. Dadurch ist LinkedIn in der Lage, den Besuch unserer Seiten Ihrem LinkedIn-Benutzerkonto zuordnen.<\/p>\n<p>Wir haben weder Einfluss auf die Daten, die LinkedIn hierdurch erhebt, noch \u00fcber den Umfang dieser durch LinkedIn erhobenen Daten. Auch haben wir keine Kenntnis vom Inhalt der an LinkedIn \u00fcbermittelten Daten. Details zur Datenerhebung durch LinkedIn sowie zu Ihren Rechten und Einstellungsm\u00f6glichkeiten k\u00f6nnen Sie den Datenschutzhinweisen von LinkedIn entnehmen. Diese Hinweise finden Sie unter <a href=\"http:\/\/www.linkedin.com\/legal\/privacy-policy\" target=\"_blank\" rel=\"nofollow noopener\">http:\/\/www.linkedin.com\/legal\/privacy-policy<\/a><\/p>\n<h4>Einsatz von Social-Media-Buttons mit \u201eShariff\u201c<\/h4>\n<p>Wir setzen auf unserer Webseite das c\u2019t-Projekt \u201eShariff\u201c ein. \u201eShariff\u201c ersetzt die \u00fcblichen Share-Buttons der Sozialen Netzwerke und sch\u00fctzt hierdurch das Surf-Verhalten<\/p>\n<p>\u201eShariff\u201c bindet diese Share-Buttons der Sozialen Netzwerke auf unserer Webseite lediglich als Grafik ein, die eine Verlinkung auf das entsprechende Soziale Netzwerk enth\u00e4lt. Durch einen Klick auf die entsprechende Grafik werden Sie zu dem Dienste des jeweiligen Netzwerks weitergeleitet. Der Shariff-Button stellt den direkten Kontakt zwischen Sozialen Netzwerk und unseren Besuchern erst dann her, wenn der Besucher aktiv auf den Share-Button klickt. Erst dann werden Ihre Daten an das jeweilige Soziale Netzwerk \u00fcbermittelt. Wird der Shariff-Button hingegen nicht angeklickt, findet keinerlei Austausch zwischen Ihnen und den Sozialen Netzwerken statt. Weitere Informationen \u00fcber das das c\u2019t-Projekt \u201eShariff\u201c finden Sie unter <a href=\"http:\/\/www.heise.de\/ct\/artikel\/Shariff-Social-Media-Buttons-mit-Datenschutz-2467514.html\" target=\"_blank\" rel=\"noopener\">http:\/\/www.heise.de\/ct\/artikel\/Shariff-Social-Media-Buttons-mit-Datenschutz-2467514.html<\/a><\/p>\n<p>Wir binden auf unserer Website folgende Sozialen Netzwerke mit \u201eShariff\u201c ein:<\/p>\n<p>[Bitte verwendete Sozialen Netzwerke auff\u00fchren]<\/p>\n<h3>Auskunft\/Widerruf\/L\u00f6schung<\/h3>\n<p>Sie k\u00f6nnen sich aufgrund des Bundesdatenschutzgesetzes bei Fragen zur Erhebung, Verarbeitung oder Nutzung Ihrer personenbezogenen Daten und deren Berichtigung, Sperrung, L\u00f6schung oder einem Widerruf einer erteilten Einwilligung unentgeltlich an uns wenden. Wir weisen darauf hin, dass Ihnen ein Recht auf Berichtigung falscher Daten oder L\u00f6schung personenbezogener Daten zusteht, sollte diesem Anspruch keine gesetzliche Aufbewahrungspflicht entgegenstehen.<\/p>\n<\/div>\n<\/div>\n<\/article>\n<\/div>\n","protected":false},"excerpt":{"rendered":"<p>Nachfolgend finden Sie eine Vorlage f\u00fcr Ihre Datenschutzerkl\u00e4rung. Es handelt sich hierbei um eine Muster-Datenschutzerkl\u00e4rung der Anwaltskanzlei Wei\u00df &amp; Partner. Die Einbindung dieser Datenschutzerkl\u00e4rung erfolgt ausschlie\u00dflich auf eigenes Risiko, eine Haftung kann nicht \u00fcbernommen werden. Datenschutzerkl\u00e4rung Die Nutzung unserer Seite ist ohne eine Angabe von personenbezogenen Daten m\u00f6glich. F\u00fcr die Nutzung einzelner Services unserer Seite [&hellip;]<\/p>\n","protected":false},"author":1,"featured_media":0,"parent":0,"menu_order":0,"comment_status":"closed","ping_status":"closed","template":"","meta":{"footnotes":""},"class_list":["post-299","page","type-page","status-publish","hentry","entry"],"_links":{"self":[{"href":"https:\/\/webgeckos.com\/geckos-beauty-demo\/wp-json\/wp\/v2\/pages\/299","targetHints":{"allow":["GET"]}}],"collection":[{"href":"https:\/\/webgeckos.com\/geckos-beauty-demo\/wp-json\/wp\/v2\/pages"}],"about":[{"href":"https:\/\/webgeckos.com\/geckos-beauty-demo\/wp-json\/wp\/v2\/types\/page"}],"author":[{"embeddable":true,"href":"https:\/\/webgeckos.com\/geckos-beauty-demo\/wp-json\/wp\/v2\/users\/1"}],"replies":[{"embeddable":true,"href":"https:\/\/webgeckos.com\/geckos-beauty-demo\/wp-json\/wp\/v2\/comments?post=299"}],"version-history":[{"count":0,"href":"https:\/\/webgeckos.com\/geckos-beauty-demo\/wp-json\/wp\/v2\/pages\/299\/revisions"}],"wp:attachment":[{"href":"https:\/\/webgeckos.com\/geckos-beauty-demo\/wp-json\/wp\/v2\/media?parent=299"}],"curies":[{"name":"wp","href":"https:\/\/api.w.org\/{rel}","templated":true}]}}